{"id":522,"date":"2020-02-06T21:44:46","date_gmt":"2020-02-06T20:44:46","guid":{"rendered":"http:\/\/beta.danish-airphoto.dk\/?page_id=522"},"modified":"2020-02-06T21:47:40","modified_gmt":"2020-02-06T20:47:40","slug":"uber-danish-airphoto","status":"publish","type":"page","link":"https:\/\/danish-airphoto.dk\/de\/uber-danish-airphoto\/","title":{"rendered":"\u00dcber Danish AirPhoto"},"content":{"rendered":"<div id=\"cs-content\" class=\"cs-content\"><\/div>\n","protected":false},"excerpt":{"rendered":"<p>\u00dcBER DANISH AIRPHOTO Vielen Dank, dass Sie unsere Homepage besuchen Wenn Sie Luftfoto-Lieferant w\u00e4hlen, gibt es viele verschiedene Dinge, die mitspielen, sowie Qualit\u00e4t, Service und Preis. Wir liefern einige der besten Luftfotos in ganz D\u00e4nemark. Der Preis liegt etwas unter Mittel \u2013 verglichen mit unseren Wettbewerbern, und der Service liegt ganz an der Spitze. Deshalb gibt es alle m\u00f6glichen Gr\u00fcnde, &#8230; <\/p>\n<div><a href=\"https:\/\/danish-airphoto.dk\/de\/uber-danish-airphoto\/\" class=\"more-link\">Read More<\/a><\/div>\n","protected":false},"author":1,"featured_media":0,"parent":0,"menu_order":0,"comment_status":"closed","ping_status":"closed","template":"template-blank-4.php","meta":{"footnotes":""},"yoast_head":"<!-- This site is optimized with the Yoast SEO plugin v21.9.1 - https:\/\/yoast.com\/wordpress\/plugins\/seo\/ -->\n<title>\u00dcber Danish AirPhoto - Danish AirPhoto<\/title>\n<meta name=\"robots\" content=\"index, follow, max-snippet:-1, max-image-preview:large, max-video-preview:-1\" \/>\n<link rel=\"canonical\" href=\"https:\/\/danish-airphoto.dk\/om-danish-airphoto\/\" \/>\n<meta property=\"og:locale\" content=\"de_DE\" \/>\n<meta property=\"og:type\" content=\"article\" \/>\n<meta property=\"og:title\" content=\"\u00dcber Danish AirPhoto - Danish AirPhoto\" \/>\n<meta property=\"og:description\" content=\"\u00dcBER DANISH AIRPHOTO Vielen Dank, dass Sie unsere Homepage besuchen Wenn Sie Luftfoto-Lieferant w\u00e4hlen, gibt es viele verschiedene Dinge, die mitspielen, sowie Qualit\u00e4t, Service und Preis. Wir liefern einige der besten Luftfotos in ganz D\u00e4nemark. Der Preis liegt etwas unter Mittel \u2013 verglichen mit unseren Wettbewerbern, und der Service liegt ganz an der Spitze. Deshalb gibt es alle m\u00f6glichen Gr\u00fcnde, ... Read More\" \/>\n<meta property=\"og:url\" content=\"https:\/\/danish-airphoto.dk\/om-danish-airphoto\/\" \/>\n<meta property=\"og:site_name\" content=\"Danish AirPhoto\" \/>\n<meta property=\"article:modified_time\" content=\"2020-02-06T20:47:40+00:00\" \/>\n<meta name=\"twitter:card\" content=\"summary_large_image\" \/>\n<script type=\"application\/ld+json\" class=\"yoast-schema-graph\">{\"@context\":\"https:\/\/schema.org\",\"@graph\":[{\"@type\":\"WebPage\",\"@id\":\"https:\/\/danish-airphoto.dk\/om-danish-airphoto\/\",\"url\":\"https:\/\/danish-airphoto.dk\/om-danish-airphoto\/\",\"name\":\"\u00dcber Danish AirPhoto - Danish AirPhoto\",\"isPartOf\":{\"@id\":\"https:\/\/danish-airphoto.dk\/#website\"},\"datePublished\":\"2020-02-06T20:44:46+00:00\",\"dateModified\":\"2020-02-06T20:47:40+00:00\",\"breadcrumb\":{\"@id\":\"https:\/\/danish-airphoto.dk\/om-danish-airphoto\/#breadcrumb\"},\"inLanguage\":\"de\",\"potentialAction\":[{\"@type\":\"ReadAction\",\"target\":[\"https:\/\/danish-airphoto.dk\/om-danish-airphoto\/\"]}]},{\"@type\":\"BreadcrumbList\",\"@id\":\"https:\/\/danish-airphoto.dk\/om-danish-airphoto\/#breadcrumb\",\"itemListElement\":[{\"@type\":\"ListItem\",\"position\":1,\"name\":\"Home\",\"item\":\"https:\/\/danish-airphoto.dk\/de\/\"},{\"@type\":\"ListItem\",\"position\":2,\"name\":\"\u00dcber Danish AirPhoto\"}]},{\"@type\":\"WebSite\",\"@id\":\"https:\/\/danish-airphoto.dk\/#website\",\"url\":\"https:\/\/danish-airphoto.dk\/\",\"name\":\"Danish AirPhoto\",\"description\":\"\",\"potentialAction\":[{\"@type\":\"SearchAction\",\"target\":{\"@type\":\"EntryPoint\",\"urlTemplate\":\"https:\/\/danish-airphoto.dk\/?s={search_term_string}\"},\"query-input\":\"required name=search_term_string\"}],\"inLanguage\":\"de\"}]}<\/script>\n<!-- \/ Yoast SEO plugin. -->","yoast_head_json":{"title":"\u00dcber Danish AirPhoto - Danish AirPhoto","robots":{"index":"index","follow":"follow","max-snippet":"max-snippet:-1","max-image-preview":"max-image-preview:large","max-video-preview":"max-video-preview:-1"},"canonical":"https:\/\/danish-airphoto.dk\/om-danish-airphoto\/","og_locale":"de_DE","og_type":"article","og_title":"\u00dcber Danish AirPhoto - Danish AirPhoto","og_description":"\u00dcBER DANISH AIRPHOTO Vielen Dank, dass Sie unsere Homepage besuchen Wenn Sie Luftfoto-Lieferant w\u00e4hlen, gibt es viele verschiedene Dinge, die mitspielen, sowie Qualit\u00e4t, Service und Preis. Wir liefern einige der besten Luftfotos in ganz D\u00e4nemark. Der Preis liegt etwas unter Mittel \u2013 verglichen mit unseren Wettbewerbern, und der Service liegt ganz an der Spitze. Deshalb gibt es alle m\u00f6glichen Gr\u00fcnde, ... Read More","og_url":"https:\/\/danish-airphoto.dk\/om-danish-airphoto\/","og_site_name":"Danish AirPhoto","article_modified_time":"2020-02-06T20:47:40+00:00","twitter_card":"summary_large_image","schema":{"@context":"https:\/\/schema.org","@graph":[{"@type":"WebPage","@id":"https:\/\/danish-airphoto.dk\/om-danish-airphoto\/","url":"https:\/\/danish-airphoto.dk\/om-danish-airphoto\/","name":"\u00dcber Danish AirPhoto - Danish AirPhoto","isPartOf":{"@id":"https:\/\/danish-airphoto.dk\/#website"},"datePublished":"2020-02-06T20:44:46+00:00","dateModified":"2020-02-06T20:47:40+00:00","breadcrumb":{"@id":"https:\/\/danish-airphoto.dk\/om-danish-airphoto\/#breadcrumb"},"inLanguage":"de","potentialAction":[{"@type":"ReadAction","target":["https:\/\/danish-airphoto.dk\/om-danish-airphoto\/"]}]},{"@type":"BreadcrumbList","@id":"https:\/\/danish-airphoto.dk\/om-danish-airphoto\/#breadcrumb","itemListElement":[{"@type":"ListItem","position":1,"name":"Home","item":"https:\/\/danish-airphoto.dk\/de\/"},{"@type":"ListItem","position":2,"name":"\u00dcber Danish AirPhoto"}]},{"@type":"WebSite","@id":"https:\/\/danish-airphoto.dk\/#website","url":"https:\/\/danish-airphoto.dk\/","name":"Danish AirPhoto","description":"","potentialAction":[{"@type":"SearchAction","target":{"@type":"EntryPoint","urlTemplate":"https:\/\/danish-airphoto.dk\/?s={search_term_string}"},"query-input":"required name=search_term_string"}],"inLanguage":"de"}]}},"_links":{"self":[{"href":"https:\/\/danish-airphoto.dk\/de\/wp-json\/wp\/v2\/pages\/522"}],"collection":[{"href":"https:\/\/danish-airphoto.dk\/de\/wp-json\/wp\/v2\/pages"}],"about":[{"href":"https:\/\/danish-airphoto.dk\/de\/wp-json\/wp\/v2\/types\/page"}],"author":[{"embeddable":true,"href":"https:\/\/danish-airphoto.dk\/de\/wp-json\/wp\/v2\/users\/1"}],"replies":[{"embeddable":true,"href":"https:\/\/danish-airphoto.dk\/de\/wp-json\/wp\/v2\/comments?post=522"}],"version-history":[{"count":2,"href":"https:\/\/danish-airphoto.dk\/de\/wp-json\/wp\/v2\/pages\/522\/revisions"}],"predecessor-version":[{"id":524,"href":"https:\/\/danish-airphoto.dk\/de\/wp-json\/wp\/v2\/pages\/522\/revisions\/524"}],"wp:attachment":[{"href":"https:\/\/danish-airphoto.dk\/de\/wp-json\/wp\/v2\/media?parent=522"}],"curies":[{"name":"wp","href":"https:\/\/api.w.org\/{rel}","templated":true}]}}