{"id":516,"date":"2020-02-06T21:32:07","date_gmt":"2020-02-06T20:32:07","guid":{"rendered":"http:\/\/beta.danish-airphoto.dk\/?page_id=516"},"modified":"2025-07-03T19:28:50","modified_gmt":"2025-07-03T17:28:50","slug":"vorderseite","status":"publish","type":"page","link":"https:\/\/danish-airphoto.dk\/de\/","title":{"rendered":"Vorderseite"},"content":{"rendered":"<div id=\"cs-content\" class=\"cs-content\"><div class=\"x-section e516-e1 mec-0 mec-1 mec-2 no-padding\"><div class=\"x-row x-container max width e516-e2 mec-8 mec-9 mec-b mec-c\"><div class=\"x-row-inner\"><div class=\"x-col e516-e3 mec-h mec-i\"><div class=\"x-text x-content e516-e4 mec-m mec-n mec-o mec-p\">\n\t\t\t<!-- START Home German REVOLUTION SLIDER 6.6.20 --><p class=\"rs-p-wp-fix\"><\/p>\n\t\t\t<rs-module-wrap id=\"rev_slider_6_1_wrapper\" data-source=\"gallery\" style=\"visibility:hidden;background:transparent;padding:0;margin:0px auto;margin-top:0;margin-bottom:0;\">\n\t\t\t\t<rs-module id=\"rev_slider_6_1\" style=\"\" data-version=\"6.6.20\">\n\t\t\t\t\t<rs-slides style=\"overflow: hidden; position: absolute;\">\n\t\t\t\t\t\t<rs-slide style=\"position: absolute;\" data-key=\"rs-7\" data-title=\"Vid\" data-anim=\"ms:1000;r:0;\" data-in=\"o:0;\" data-out=\"a:false;\">\n\t\t\t\t\t\t\t<img decoding=\"async\" src=\"\/\/danish-airphoto.dk\/wp-content\/plugins\/revslider\/public\/assets\/assets\/dummy.png\" alt=\"\" title=\"Vorderseite\" class=\"rev-slidebg tp-rs-img rs-lazyload\" data-lazyload=\"\/\/danish-airphoto.dk\/wp-content\/plugins\/revslider\/public\/assets\/assets\/transparent.png\" data-no-retina>\n\t\t\t\t\t\t\t<rs-bgvideo \n\t\t\t\t\t\t\t\tdata-video=\"w:100%;h:100%;nse:false;l:true;ptimer:false;vfc:true;\"\n\t\t\t\t\t\t\t\tdata-mp4=\"\/\/danish-airphoto.dk\/wp-content\/uploads\/2020\/09\/DanishAirphoto2.mp4\"\n\t\t\t\t\t\t\t><\/rs-bgvideo>\n<!--\n\t\t\t\t\t\t\t--><rs-layer\n\t\t\t\t\t\t\t\tid=\"slider-6-slide-7-layer-1\" \n\t\t\t\t\t\t\t\tdata-type=\"text\"\n\t\t\t\t\t\t\t\tdata-color=\"#fff\"\n\t\t\t\t\t\t\t\tdata-rsp_ch=\"on\"\n\t\t\t\t\t\t\t\tdata-xy=\"x:c;y:c;yo:-65px;\"\n\t\t\t\t\t\t\t\tdata-text=\"w:normal;s:70;l:70;ls:0px;fw:800;a:center;\"\n\t\t\t\t\t\t\t\tdata-dim=\"minh:0;\"\n\t\t\t\t\t\t\t\tdata-frame_999=\"o:0;st:w;\"\n\t\t\t\t\t\t\t\tstyle=\"z-index:9;font-family:'Raleway';\"\n\t\t\t\t\t\t\t>D\u00c4NEMARK VON OBEN GESEHEN \n\t\t\t\t\t\t\t<\/rs-layer><!--\n\n\t\t\t\t\t\t\t--><rs-layer\n\t\t\t\t\t\t\t\tid=\"slider-6-slide-7-layer-2\" \n\t\t\t\t\t\t\t\tdata-type=\"shape\"\n\t\t\t\t\t\t\t\tdata-rsp_ch=\"on\"\n\t\t\t\t\t\t\t\tdata-text=\"w:normal;\"\n\t\t\t\t\t\t\t\tdata-dim=\"w:100%;h:100%;\"\n\t\t\t\t\t\t\t\tdata-basealign=\"slide\"\n\t\t\t\t\t\t\t\tdata-frame_999=\"o:0;st:w;\"\n\t\t\t\t\t\t\t\tstyle=\"z-index:8;background-color:rgba(0,0,0,0.5);\"\n\t\t\t\t\t\t\t> \n\t\t\t\t\t\t\t<\/rs-layer><!--\n\n\t\t\t\t\t\t\t--><rs-layer\n\t\t\t\t\t\t\t\tid=\"slider-6-slide-7-layer-3\" \n\t\t\t\t\t\t\t\tclass=\"front-hero-subtitle\"\n\t\t\t\t\t\t\t\tdata-type=\"text\"\n\t\t\t\t\t\t\t\tdata-color=\"#ffffff\"\n\t\t\t\t\t\t\t\tdata-rsp_ch=\"on\"\n\t\t\t\t\t\t\t\tdata-xy=\"x:c;y:c;\"\n\t\t\t\t\t\t\t\tdata-text=\"w:normal;s:13;l:20;ls:4px;fw:500;a:center;\"\n\t\t\t\t\t\t\t\tdata-frame_999=\"o:0;st:w;\"\n\t\t\t\t\t\t\t\tstyle=\"z-index:10;font-family:'Raleway';\"\n\t\t\t\t\t\t\t>Danish AirPhoto bietet Luftfotografierung f\u00fcr sowohl Firmen als auch Privatleute an. \n\t\t\t\t\t\t\t<\/rs-layer><!--\n\n\t\t\t\t\t\t\t--><a\n\t\t\t\t\t\t\t\tid=\"slider-6-slide-7-layer-4\" \n\t\t\t\t\t\t\t\tclass=\"rs-layer front-hero-button rev-btn\"\n\t\t\t\t\t\t\t\thref=\"\/de\/uber-danish-airphoto\/\" target=\"_self\" rel=\"nofollow\"\n\t\t\t\t\t\t\t\tdata-type=\"button\"\n\t\t\t\t\t\t\t\tdata-color=\"#ffffff\"\n\t\t\t\t\t\t\t\tdata-rsp_ch=\"on\"\n\t\t\t\t\t\t\t\tdata-xy=\"x:c;y:450px;\"\n\t\t\t\t\t\t\t\tdata-text=\"w:normal;s:14;l:14;ls:3px;fw:500;a:center;\"\n\t\t\t\t\t\t\t\tdata-dim=\"minh:0px;\"\n\t\t\t\t\t\t\t\tdata-padding=\"t:10;r:30;b:10;l:30;\"\n\t\t\t\t\t\t\t\tdata-border=\"bos:solid;boc:rgba(255,255,255,0.35);bow:1px,1px,1px,1px;\"\n\t\t\t\t\t\t\t\tdata-frame_999=\"o:0;st:w;\"\n\t\t\t\t\t\t\t\tdata-frame_hover=\"bgc:rgba(0,0,0,0);boc:rgba(255,255,255,0.75);bor:0px,0px,0px,0px;bos:solid;bow:1px,1px,1px,1px;e:power1.inOut;\"\n\t\t\t\t\t\t\t\tstyle=\"z-index:11;background-color:rgba(0,0,0,0);font-family:'Raleway';\"\n\t\t\t\t\t\t\t>WEITERLESEN \n\t\t\t\t\t\t\t<\/a><!--\n-->\t\t\t\t\t\t<\/rs-slide>\n\t\t\t\t\t<\/rs-slides>\n\t\t\t\t<\/rs-module>\n\t\t\t\t<script>\n\t\t\t\t\tsetREVStartSize({c: 'rev_slider_6_1',rl:[1240,1024,778,480],el:[800],gw:[1240],gh:[800],type:'standard',justify:'',layout:'fullwidth',mh:\"0\"});if (window.RS_MODULES!==undefined && window.RS_MODULES.modules!==undefined && window.RS_MODULES.modules[\"revslider61\"]!==undefined) {window.RS_MODULES.modules[\"revslider61\"].once = false;window.revapi6 = undefined;if (window.RS_MODULES.checkMinimal!==undefined) window.RS_MODULES.checkMinimal()}\n\t\t\t\t<\/script>\n\t\t\t<\/rs-module-wrap>\n\t\t\t<!-- END REVOLUTION SLIDER -->\n<\/div><\/div><\/div><\/div><\/div><div class=\"x-section e516-e5 mec-0 mec-1 mec-2 mec-3 no-padding\"><div class=\"x-row x-container max width e516-e6 mec-8 mec-9 mec-a mec-b mec-d\"><div class=\"x-row-inner\"><div class=\"x-col e516-e7 mec-h mec-j flex-box\"><div class=\"x-text x-text-headline e516-e8 mec-s mec-t pink-line-under\"><div class=\"x-text-content\"><div class=\"x-text-content-text\"><h3 class=\"x-text-content-text-primary\">Willkommen bei Danish AirPhoto<\/h3><\/div><\/div><\/div><div id=\"\" class=\"x-text cs-ta-left\" style=\"\" ><p>Wir liefern Luftbilder nach ganz D\u00e4nemark.<\/p>\n<p>Wenn Sie professionelle Fotos aus der Luft machen m\u00f6chten, rufen Sie uns an <a href=\"tel:+4554782230\">+45 54 78 22 30<\/a> oder kontaktieren Sie uns \u00fcber <a href=\"#wpcf7-f515-p516-o1\" class=\"scrollto\"> das unten stehende Formular<\/a>. <\/p>\n<p>Wir vereinbaren einen festen Preis und einen Zeitpunkt f\u00fcr den Eintritt.<\/p>\n<\/div><\/div><div class=\"x-col e516-e10 mec-h mec-i mec-k\"><span class=\"x-image e516-e11 mec-w mec-x\"><img decoding=\"async\" src=\"https:\/\/danish-airphoto.dk\/wp-content\/uploads\/2020\/01\/Michael_Olsen__pilot___fotograf2_white.png\" width=\"572\" height=\"506\" alt=\"Image\" loading=\"lazy\"><\/span><\/div><\/div><\/div><\/div><div class=\"x-section e516-e12 mec-0 mec-2 mec-4\"><div class=\"x-row x-container max width e516-e13 mec-8 mec-b mec-e\"><div class=\"x-row-inner\"><div class=\"x-col e516-e14 mec-h mec-i mec-l\"><div class=\"x-counter e516-e15 mec-z\" data-x-element-counter=\"{&quot;to&quot;:&quot;20&quot;,&quot;speed&quot;:&quot;1s&quot;,&quot;commaSeparatedDecimal&quot;:false}\"><div class=\"x-counter-number-wrap\"><span class=\"x-counter-number\">0<\/span><\/div><\/div><div class=\"x-text x-content e516-e16 mec-m mec-n mec-q\"><h6>JAHRESERFAHRUNG<\/h6><\/div><\/div><div class=\"x-col e516-e17 mec-h mec-i mec-l\"><div class=\"x-counter e516-e18 mec-z\" data-x-element-counter=\"{&quot;to&quot;:&quot;8000&quot;,&quot;speed&quot;:&quot;1s&quot;,&quot;commaSeparatedDecimal&quot;:false}\"><div class=\"x-counter-number-wrap\"><span class=\"x-counter-number\">0<\/span><span class=\"x-counter-number-suffix\">+<\/span><\/div><\/div><div class=\"x-text x-content e516-e19 mec-m mec-n mec-q\"><h6>Luftaufnahmen<\/h6><\/div><\/div><div class=\"x-col e516-e20 mec-h mec-i mec-l\"><div class=\"x-counter e516-e21 mec-z\" data-x-element-counter=\"{&quot;to&quot;:&quot;100000&quot;,&quot;speed&quot;:&quot;1s&quot;,&quot;commaSeparatedDecimal&quot;:false}\"><div class=\"x-counter-number-wrap\"><span class=\"x-counter-number\">0<\/span><span class=\"x-counter-number-suffix\">+<\/span><\/div><\/div><div class=\"x-text x-content e516-e22 mec-m mec-n mec-q\"><h6>KM geflogen<\/h6><\/div><\/div><div class=\"x-col e516-e23 mec-h mec-i mec-l\"><div class=\"x-counter e516-e24 mec-z\" data-x-element-counter=\"{&quot;to&quot;:&quot;100&quot;,&quot;speed&quot;:&quot;1s&quot;,&quot;commaSeparatedDecimal&quot;:false}\"><div class=\"x-counter-number-wrap\"><span class=\"x-counter-number\">0<\/span><span class=\"x-counter-number-suffix\">%<\/span><\/div><\/div><div class=\"x-text x-content e516-e25 mec-m mec-n mec-q\"><h6>ZUFRIEDEN<\/h6><\/div><\/div><\/div><\/div><\/div><div class=\"x-section e516-e26 mec-0 mec-2 mec-5 mec-6\"><div class=\"x-row x-container max width e516-e27 mec-8 mec-b mec-f\"><div class=\"x-row-inner\"><div class=\"x-col e516-e28 mec-h mec-i\"><a class=\"x-image e516-e29 mec-w mec-y shiny-effect\" href=\"\/de\/galerien\/landwirtschaft\/\"><img decoding=\"async\" src=\"https:\/\/danish-airphoto.dk\/wp-content\/uploads\/2020\/01\/40x60.jpg\" width=\"400\" height=\"268\" alt=\"Image\" loading=\"lazy\"><\/a><div class=\"x-text x-text-headline e516-e30 mec-s mec-u pink-line-above pink-line-hover\"><div class=\"x-text-content\"><div class=\"x-text-content-text\"><h4 class=\"x-text-content-text-primary\"><p><a href=\"\/de\/galerien\/landwirtschaft\/\">Landwirtschaft<\/a><\/p><\/h4><\/div><\/div><\/div><\/div><div class=\"x-col e516-e31 mec-h mec-i\"><a class=\"x-image e516-e32 mec-w mec-y shiny-effect\" href=\"\/de\/galerien\/offshore\/\"><img decoding=\"async\" src=\"https:\/\/danish-airphoto.dk\/wp-content\/uploads\/2020\/01\/DSC_676810x20.jpg\" width=\"400\" height=\"268\" alt=\"Image\" loading=\"lazy\"><\/a><div class=\"x-text x-text-headline e516-e33 mec-s mec-u pink-line-above pink-line-hover\"><div class=\"x-text-content\"><div class=\"x-text-content-text\"><h4 class=\"x-text-content-text-primary\"><p><a href=\"\/de\/galerien\/offshore\/\">Offshore<\/a><\/p><\/h4><\/div><\/div><\/div><\/div><div class=\"x-col e516-e34 mec-h mec-i\"><a class=\"x-image e516-e35 mec-w mec-y shiny-effect\" href=\"\/de\/galerien\/wirtschaftsleben\/\"><img decoding=\"async\" src=\"https:\/\/danish-airphoto.dk\/wp-content\/uploads\/2020\/01\/DSC_5548.jpg\" width=\"400\" height=\"268\" alt=\"Image\" loading=\"lazy\"><\/a><div class=\"x-text x-text-headline e516-e36 mec-s mec-u pink-line-above pink-line-hover\"><div class=\"x-text-content\"><div class=\"x-text-content-text\"><h4 class=\"x-text-content-text-primary\"><p><a href=\"\/de\/galerien\/wirtschaftsleben\/\">Wirtschaftsleben<\/a><\/p><\/h4><\/div><\/div><\/div><\/div><div class=\"x-col e516-e37 mec-h mec-i\"><a class=\"x-image e516-e38 mec-w mec-y shiny-effect\" href=\"\/de\/galerien\/landschaft\/\"><img decoding=\"async\" src=\"https:\/\/danish-airphoto.dk\/wp-content\/uploads\/2020\/01\/DSC_0906.jpg\" width=\"400\" height=\"268\" alt=\"Image\" loading=\"lazy\"><\/a><div class=\"x-text x-text-headline e516-e39 mec-s mec-u pink-line-above pink-line-hover\"><div class=\"x-text-content\"><div class=\"x-text-content-text\"><h4 class=\"x-text-content-text-primary\"><p><a href=\"\/de\/galerien\/landschaft\/\">Landschaft<\/a><\/p><\/h4><\/div><\/div><\/div><\/div><\/div><\/div><\/div><div class=\"x-section e516-e40 mec-0 mec-5 mec-7\"><div class=\"x-row x-container max width e516-e41 mec-8 mec-9 mec-b mec-g\"><div class=\"x-row-inner\"><div class=\"x-col e516-e42 mec-h mec-i\"><div class=\"x-text x-text-headline e516-e43 mec-s mec-v\"><div class=\"x-text-content\"><div class=\"x-text-content-text\"><h3 class=\"x-text-content-text-primary\">Erhalten Sie ein Angebot<\/h3><\/div><\/div><\/div><div class=\"x-text x-content e516-e44 mec-n mec-o mec-r\"><p>Schreiben Sie uns, wenn Sie mit einer konkreten Aufgabe anfangen m\u00fcssen, oder wenn Sie nur generelle Fragen haben, wir werden dann so schnell wie m\u00f6glich mit einer Antwort auf Sie zur\u00fcckkommen.<\/p><\/div><div id=\"\" class=\"x-text cs-ta-center\" style=\"\" ><p>Tlf.: +45 54 78 22 30<br \/>\nMobil: +45 20 42 41 57<br \/>\nCVR: 36030135<br \/>\nmail@danish-airphoto.dk<\/p>\n<\/div><\/div><\/div><\/div><\/div><\/div>\n","protected":false},"excerpt":{"rendered":"<p>D\u00c4NEMARK VON OBEN GESEHEN Danish AirPhoto bietet Luftfotografierung f\u00fcr sowohl Firmen als auch Privatleute an. WEITERLESEN Willkommen bei Danish AirPhotoWir liefern Luftbilder nach ganz D\u00e4nemark. Wenn Sie professionelle Fotos aus der Luft machen m\u00f6chten, rufen Sie uns an +45 54 78 22 30 oder kontaktieren Sie uns \u00fcber das unten stehende Formular. Wir vereinbaren einen festen Preis und einen Zeitpunkt &#8230; <\/p>\n<div><a href=\"https:\/\/danish-airphoto.dk\/de\/\" class=\"more-link\">Read More<\/a><\/div>\n","protected":false},"author":1,"featured_media":0,"parent":0,"menu_order":0,"comment_status":"closed","ping_status":"open","template":"template-blank-4.php","meta":{"footnotes":""},"yoast_head":"<!-- This site is optimized with the Yoast SEO plugin v21.9.1 - https:\/\/yoast.com\/wordpress\/plugins\/seo\/ -->\n<title>Vorderseite - Danish AirPhoto<\/title>\n<meta name=\"robots\" content=\"index, follow, max-snippet:-1, max-image-preview:large, max-video-preview:-1\" \/>\n<link rel=\"canonical\" href=\"https:\/\/danish-airphoto.dk\/de\/\" \/>\n<meta property=\"og:locale\" content=\"de_DE\" \/>\n<meta property=\"og:type\" content=\"article\" \/>\n<meta property=\"og:title\" content=\"Vorderseite - Danish AirPhoto\" \/>\n<meta property=\"og:description\" content=\"D\u00c4NEMARK VON OBEN GESEHEN Danish AirPhoto bietet Luftfotografierung f\u00fcr sowohl Firmen als auch Privatleute an. WEITERLESEN Willkommen bei Danish AirPhotoWir liefern Luftbilder nach ganz D\u00e4nemark. Wenn Sie professionelle Fotos aus der Luft machen m\u00f6chten, rufen Sie uns an +45 54 78 22 30 oder kontaktieren Sie uns \u00fcber das unten stehende Formular. Wir vereinbaren einen festen Preis und einen Zeitpunkt ... Read More\" \/>\n<meta property=\"og:url\" content=\"https:\/\/danish-airphoto.dk\/de\/\" \/>\n<meta property=\"og:site_name\" content=\"Danish AirPhoto\" \/>\n<meta property=\"article:modified_time\" content=\"2025-07-03T17:28:50+00:00\" \/>\n<meta name=\"twitter:card\" content=\"summary_large_image\" \/>\n<meta name=\"twitter:label1\" content=\"Gesch\u00e4tzte Lesezeit\" \/>\n\t<meta name=\"twitter:data1\" content=\"2\u00a0Minuten\" \/>\n<script type=\"application\/ld+json\" class=\"yoast-schema-graph\">{\"@context\":\"https:\/\/schema.org\",\"@graph\":[{\"@type\":\"WebPage\",\"@id\":\"https:\/\/danish-airphoto.dk\/de\/\",\"url\":\"https:\/\/danish-airphoto.dk\/de\/\",\"name\":\"Vorderseite - Danish AirPhoto\",\"isPartOf\":{\"@id\":\"https:\/\/danish-airphoto.dk\/#website\"},\"datePublished\":\"2020-02-06T20:32:07+00:00\",\"dateModified\":\"2025-07-03T17:28:50+00:00\",\"breadcrumb\":{\"@id\":\"https:\/\/danish-airphoto.dk\/de\/#breadcrumb\"},\"inLanguage\":\"de\",\"potentialAction\":[{\"@type\":\"ReadAction\",\"target\":[\"https:\/\/danish-airphoto.dk\/de\/\"]}]},{\"@type\":\"BreadcrumbList\",\"@id\":\"https:\/\/danish-airphoto.dk\/de\/#breadcrumb\",\"itemListElement\":[{\"@type\":\"ListItem\",\"position\":1,\"name\":\"Home\",\"item\":\"https:\/\/danish-airphoto.dk\/de\/\"},{\"@type\":\"ListItem\",\"position\":2,\"name\":\"Vorderseite\"}]},{\"@type\":\"WebSite\",\"@id\":\"https:\/\/danish-airphoto.dk\/#website\",\"url\":\"https:\/\/danish-airphoto.dk\/\",\"name\":\"Danish AirPhoto\",\"description\":\"\",\"potentialAction\":[{\"@type\":\"SearchAction\",\"target\":{\"@type\":\"EntryPoint\",\"urlTemplate\":\"https:\/\/danish-airphoto.dk\/?s={search_term_string}\"},\"query-input\":\"required name=search_term_string\"}],\"inLanguage\":\"de\"}]}<\/script>\n<!-- \/ Yoast SEO plugin. -->","yoast_head_json":{"title":"Vorderseite - Danish AirPhoto","robots":{"index":"index","follow":"follow","max-snippet":"max-snippet:-1","max-image-preview":"max-image-preview:large","max-video-preview":"max-video-preview:-1"},"canonical":"https:\/\/danish-airphoto.dk\/de\/","og_locale":"de_DE","og_type":"article","og_title":"Vorderseite - Danish AirPhoto","og_description":"D\u00c4NEMARK VON OBEN GESEHEN Danish AirPhoto bietet Luftfotografierung f\u00fcr sowohl Firmen als auch Privatleute an. WEITERLESEN Willkommen bei Danish AirPhotoWir liefern Luftbilder nach ganz D\u00e4nemark. Wenn Sie professionelle Fotos aus der Luft machen m\u00f6chten, rufen Sie uns an +45 54 78 22 30 oder kontaktieren Sie uns \u00fcber das unten stehende Formular. Wir vereinbaren einen festen Preis und einen Zeitpunkt ... Read More","og_url":"https:\/\/danish-airphoto.dk\/de\/","og_site_name":"Danish AirPhoto","article_modified_time":"2025-07-03T17:28:50+00:00","twitter_card":"summary_large_image","twitter_misc":{"Gesch\u00e4tzte Lesezeit":"2\u00a0Minuten"},"schema":{"@context":"https:\/\/schema.org","@graph":[{"@type":"WebPage","@id":"https:\/\/danish-airphoto.dk\/de\/","url":"https:\/\/danish-airphoto.dk\/de\/","name":"Vorderseite - Danish AirPhoto","isPartOf":{"@id":"https:\/\/danish-airphoto.dk\/#website"},"datePublished":"2020-02-06T20:32:07+00:00","dateModified":"2025-07-03T17:28:50+00:00","breadcrumb":{"@id":"https:\/\/danish-airphoto.dk\/de\/#breadcrumb"},"inLanguage":"de","potentialAction":[{"@type":"ReadAction","target":["https:\/\/danish-airphoto.dk\/de\/"]}]},{"@type":"BreadcrumbList","@id":"https:\/\/danish-airphoto.dk\/de\/#breadcrumb","itemListElement":[{"@type":"ListItem","position":1,"name":"Home","item":"https:\/\/danish-airphoto.dk\/de\/"},{"@type":"ListItem","position":2,"name":"Vorderseite"}]},{"@type":"WebSite","@id":"https:\/\/danish-airphoto.dk\/#website","url":"https:\/\/danish-airphoto.dk\/","name":"Danish AirPhoto","description":"","potentialAction":[{"@type":"SearchAction","target":{"@type":"EntryPoint","urlTemplate":"https:\/\/danish-airphoto.dk\/?s={search_term_string}"},"query-input":"required name=search_term_string"}],"inLanguage":"de"}]}},"_links":{"self":[{"href":"https:\/\/danish-airphoto.dk\/de\/wp-json\/wp\/v2\/pages\/516"}],"collection":[{"href":"https:\/\/danish-airphoto.dk\/de\/wp-json\/wp\/v2\/pages"}],"about":[{"href":"https:\/\/danish-airphoto.dk\/de\/wp-json\/wp\/v2\/types\/page"}],"author":[{"embeddable":true,"href":"https:\/\/danish-airphoto.dk\/de\/wp-json\/wp\/v2\/users\/1"}],"replies":[{"embeddable":true,"href":"https:\/\/danish-airphoto.dk\/de\/wp-json\/wp\/v2\/comments?post=516"}],"version-history":[{"count":6,"href":"https:\/\/danish-airphoto.dk\/de\/wp-json\/wp\/v2\/pages\/516\/revisions"}],"predecessor-version":[{"id":737,"href":"https:\/\/danish-airphoto.dk\/de\/wp-json\/wp\/v2\/pages\/516\/revisions\/737"}],"wp:attachment":[{"href":"https:\/\/danish-airphoto.dk\/de\/wp-json\/wp\/v2\/media?parent=516"}],"curies":[{"name":"wp","href":"https:\/\/api.w.org\/{rel}","templated":true}]}}